{"id":2,"date":"2024-08-21T17:02:56","date_gmt":"2024-08-21T17:02:56","guid":{"rendered":"https:\/\/comfandi.himalayainternetmarketing.com\/?page_id=2"},"modified":"2025-09-25T11:29:46","modified_gmt":"2025-09-25T16:29:46","slug":"sample-page","status":"publish","type":"page","link":"https:\/\/indicedearmonia.comfandi.com.co\/","title":{"rendered":"\u00bfQu\u00e9 es el \u00edndice de armon\u00eda?"},"content":{"rendered":"<h2>\u00bfQu\u00e9 es el \u00edndice<br \/>\nde armon\u00eda?<\/h2>\n<p>Es una medida compuesta por 8 dimensiones, conocidas y utilizadas por la ciencia y los profesionales del desarrollo a nivel mundial, que representan los aspectos para una vida en equilibrio. Permite conocer de manera global y por dimensi\u00f3n, las condiciones habilitantes para la vida productiva de las personas.<\/p>\n","protected":false},"excerpt":{"rendered":"<p>\u00bfQu\u00e9 es el \u00edndice de armon\u00eda? Es una medida compuesta por 8 dimensiones, conocidas y utilizadas por la ciencia y los profesionales del desarrollo a nivel mundial, que representan los aspectos para una vida en equilibrio. Permite conocer de manera global y por dimensi\u00f3n, las condiciones habilitantes para la vida productiva de las personas.<\/p>\n","protected":false},"author":1,"featured_media":0,"parent":0,"menu_order":0,"comment_status":"closed","ping_status":"open","template":"template-landing-comfandi.php","meta":{"_acf_changed":false,"footnotes":""},"class_list":["post-2","page","type-page","status-publish","hentry"],"acf":[],"_links":{"self":[{"href":"https:\/\/indicedearmonia.comfandi.com.co\/index.php?rest_route=\/wp\/v2\/pages\/2"}],"collection":[{"href":"https:\/\/indicedearmonia.comfandi.com.co\/index.php?rest_route=\/wp\/v2\/pages"}],"about":[{"href":"https:\/\/indicedearmonia.comfandi.com.co\/index.php?rest_route=\/wp\/v2\/types\/page"}],"author":[{"embeddable":true,"href":"https:\/\/indicedearmonia.comfandi.com.co\/index.php?rest_route=\/wp\/v2\/users\/1"}],"replies":[{"embeddable":true,"href":"https:\/\/indicedearmonia.comfandi.com.co\/index.php?rest_route=%2Fwp%2Fv2%2Fcomments&post=2"}],"version-history":[{"count":128,"href":"https:\/\/indicedearmonia.comfandi.com.co\/index.php?rest_route=\/wp\/v2\/pages\/2\/revisions"}],"predecessor-version":[{"id":1058,"href":"https:\/\/indicedearmonia.comfandi.com.co\/index.php?rest_route=\/wp\/v2\/pages\/2\/revisions\/1058"}],"wp:attachment":[{"href":"https:\/\/indicedearmonia.comfandi.com.co\/index.php?rest_route=%2Fwp%2Fv2%2Fmedia&parent=2"}],"curies":[{"name":"wp","href":"https:\/\/api.w.org\/{rel}","templated":true}]}}